{"id":44,"date":"2019-06-19T18:33:35","date_gmt":"2019-06-19T18:33:35","guid":{"rendered":"https:\/\/gpsites.co\/broadcast\/?page_id=44"},"modified":"2020-07-17T12:22:34","modified_gmt":"2020-07-17T16:22:34","slug":"about","status":"publish","type":"page","link":"https:\/\/disneylandear.com\/es\/about\/","title":{"rendered":"Con\u00f3cenos"},"content":{"rendered":"\n<p>Hola, bienvenidos a Disneylandear. Mi nombre es Silvia y soy una fan\u00e1tica de Disney. Ahora te voy a contar un poco sobre m\u00ed y sobre lo que encontrar\u00e1s en Disneylandear.<\/p>\n\n\n\n<figure class=\"wp-block-image size-large\"><img loading=\"lazy\" decoding=\"async\" width=\"1000\" height=\"667\" src=\"https:\/\/disneylandear.com\/wp-content\/uploads\/2020\/07\/silvia-Mickey-Minnie-disneylandear.jpg\" alt=\"\" class=\"wp-image-1285\" srcset=\"https:\/\/disneylandear.com\/wp-content\/uploads\/2020\/07\/silvia-Mickey-Minnie-disneylandear.jpg 1000w, https:\/\/disneylandear.com\/wp-content\/uploads\/2020\/07\/silvia-Mickey-Minnie-disneylandear-300x200.jpg 300w, https:\/\/disneylandear.com\/wp-content\/uploads\/2020\/07\/silvia-Mickey-Minnie-disneylandear-768x512.jpg 768w\" sizes=\"auto, (max-width: 1000px) 100vw, 1000px\" \/><\/figure>\n\n\n\n<h2 class=\"wp-block-heading\">Sobre M\u00ed<\/h2>\n\n\n\n<p>Yo nac\u00ed y crec\u00ed en M\u00e9xico, pero me mud\u00e9 a los Estados Unidos en el 2001. Y ahora vivo en el soleado estado de California. He sido fan de Disney desde peque\u00f1a. Recuerdo que mi mam\u00e1 me le\u00eda libros de Disney, uno de mis favoritos era la historia de la bella durmiente.<\/p>\n\n\n\n<p>Muy pronto las princesas hicieron aparici\u00f3n en mi vida. Blanca Nieves era mi favorita porque era la \u00fanica princesa con pelo negro como yo. Y siguieron las pel\u00edculas, los juguetes, los juegos y las fiestas de cumplea\u00f1os con tem\u00e1tica de Disney. En alg\u00fan momento escuch\u00e9 sobre Disneylandia pero era algo tan alejado de mi realidad que nunca lo consider\u00e9.<\/p>\n\n\n\n<p>Cuando visit\u00e9 California por vez primera, mi esposo, en ese momento mi prometido, me llev\u00f3 a lugar m\u00e1s feliz del mundo y no hay palabras para expresar lo que eso signific\u00f3 para mi.<\/p>\n\n\n\n<figure class=\"wp-block-image size-large\"><img loading=\"lazy\" decoding=\"async\" width=\"1000\" height=\"666\" src=\"https:\/\/disneylandear.com\/wp-content\/uploads\/2020\/07\/castillo-disneylandia-lado-d.jpg\" alt=\"\" class=\"wp-image-1290\" srcset=\"https:\/\/disneylandear.com\/wp-content\/uploads\/2020\/07\/castillo-disneylandia-lado-d.jpg 1000w, https:\/\/disneylandear.com\/wp-content\/uploads\/2020\/07\/castillo-disneylandia-lado-d-300x200.jpg 300w, https:\/\/disneylandear.com\/wp-content\/uploads\/2020\/07\/castillo-disneylandia-lado-d-768x511.jpg 768w\" sizes=\"auto, (max-width: 1000px) 100vw, 1000px\" \/><\/figure>\n\n\n\n<p>Algunos a\u00f1os despu\u00e9s fund\u00e9 mi primer blog <a href=\"https:\/\/www.mamalatinatips.com\" class=\"ek-link\">www.mamalatinatips.com<\/a> con la finalidad de compartir con otras madres latinas en los Estados Unidos. Fue tan bien recibido que tan s\u00f3lo un par de a\u00f1os despu\u00e9s recib\u00ed mi primera invitaci\u00f3n para atender Disneylandia como miembro de media para anunciar al mundo el estreno del show World of Color en Disney California Adventure.<\/p>\n\n\n\n<p>De ah\u00ed en adelante mi relaci\u00f3n con Disney s\u00f3lo se estrech\u00f3 y desde entonces ellos me han honrado con muchas invitaciones para compartir con todos ustedes. Desde estrenos en Hollywood de pel\u00edculas como Frozen, Coco y Avengers, como inauguraciones en los parques como Cars Land y m\u00e1s. <\/p>\n\n\n\n<p>\u00a1Viva Disney!<\/p>\n\n\n\n<h2 class=\"wp-block-heading\">Sobre Disneylandear<\/h2>\n\n\n\n<p>Disneylandear naci\u00f3 con este amor de Disney. En este sitio podr\u00e1s encontrar muchas cosas relacionados con este m\u00e1gico mundo.  Toma tu tiempo explorando las categor\u00edas y d\u00e9janos comentarios dici\u00e9ndonos que te gustar\u00eda ver o hacer. <\/p>\n\n\n\n<h3 class=\"wp-block-heading\">Comida y Fiestas<\/h3>\n\n\n\n<p>Aqu\u00ed encontrar\u00e1s todo lo relacionado con <strong>comida de Disney<\/strong>, desde alimentos que puedes comer en los parques, como creaciones inspiradas en los personajes e historias de Disney que puedes crear en casa. <\/p>\n\n\n\n<p>Y <strong>fiestas de Disney<\/strong> es decir celebraciones, cumplea\u00f1os, aniversarios que est\u00e1n inspiradas en el mundo de Disney. Aqu\u00ed te daremos ideas de men\u00fas, decoraciones y todo lo que necesitas saber para que tus fiestas sean un \u00e9xito. <\/p>\n\n\n\n<figure class=\"wp-block-image size-large\"><img loading=\"lazy\" decoding=\"async\" width=\"1000\" height=\"667\" src=\"https:\/\/disneylandear.com\/wp-content\/uploads\/2020\/04\/MickeyBeignets-Port-Orleans-French-Quarter-1000.jpg\" alt=\"Bu\u00f1uelos de Mickey Mouse\" class=\"wp-image-1139\" srcset=\"https:\/\/disneylandear.com\/wp-content\/uploads\/2020\/04\/MickeyBeignets-Port-Orleans-French-Quarter-1000.jpg 1000w, https:\/\/disneylandear.com\/wp-content\/uploads\/2020\/04\/MickeyBeignets-Port-Orleans-French-Quarter-1000-300x200.jpg 300w, https:\/\/disneylandear.com\/wp-content\/uploads\/2020\/04\/MickeyBeignets-Port-Orleans-French-Quarter-1000-768x512.jpg 768w, https:\/\/disneylandear.com\/wp-content\/uploads\/2020\/04\/MickeyBeignets-Port-Orleans-French-Quarter-1000-735x490.jpg 735w\" sizes=\"auto, (max-width: 1000px) 100vw, 1000px\" \/><\/figure>\n\n\n\n<h3 class=\"wp-block-heading\">Curiosidades Disney<\/h3>\n\n\n\n<p>Disney tiene muchas curiosidades, datos interesantes e informaci\u00f3n original. Aqu\u00ed te daremos datos curiosos de personajes, parques, pel\u00edculas, y juegos de Disney.<\/p>\n\n\n\n<p>Tambi\u00e9n frases de Disney \u00a1muchas! Como<a href=\"https:\/\/disneylandear.com\/frases-de-amistad-disney\/\" class=\"ek-link\"> frases de amistad de Disney,<\/a> <a href=\"https:\/\/disneylandear.com\/frases-de-gatos-disney-famosas\/\" class=\"ek-link\">frases de gatos de Disney<\/a>, <a href=\"https:\/\/disneylandear.com\/frases-de-walt-disney-sobre-el-exito-en-la-vida\/\" class=\"ek-link\">frases de Walt Disney sobre el \u00e9xito<\/a> y mucho m\u00e1s. <\/p>\n\n\n\n<p>Tambi\u00e9n en esta categor\u00eda encontrar\u00e1s <a href=\"https:\/\/disneylandear.com\/category\/curiosidades-disney\/imprimibles-manualidades\/\" class=\"ek-link\">imprimibles<\/a>, hojas para colorear y manualidades del mundo de Disney para hacer en casa y disfrutar con los peque\u00f1os de la casa. <\/p>\n\n\n\n<div class=\"wp-block-image\"><figure class=\"aligncenter size-large is-resized\"><img loading=\"lazy\" decoding=\"async\" src=\"https:\/\/disneylandear.com\/wp-content\/uploads\/2020\/02\/wd-sue\u00f1os-relidad.jpg\" alt=\"\" class=\"wp-image-527\" width=\"500\" height=\"500\" srcset=\"https:\/\/disneylandear.com\/wp-content\/uploads\/2020\/02\/wd-sue\u00f1os-relidad.jpg 1000w, https:\/\/disneylandear.com\/wp-content\/uploads\/2020\/02\/wd-sue\u00f1os-relidad-300x300.jpg 300w, https:\/\/disneylandear.com\/wp-content\/uploads\/2020\/02\/wd-sue\u00f1os-relidad-150x150.jpg 150w, https:\/\/disneylandear.com\/wp-content\/uploads\/2020\/02\/wd-sue\u00f1os-relidad-768x768.jpg 768w, https:\/\/disneylandear.com\/wp-content\/uploads\/2020\/02\/wd-sue\u00f1os-relidad-200x200.jpg 200w, https:\/\/disneylandear.com\/wp-content\/uploads\/2020\/02\/wd-sue\u00f1os-relidad-320x320.jpg 320w, https:\/\/disneylandear.com\/wp-content\/uploads\/2020\/02\/wd-sue\u00f1os-relidad-480x480.jpg 480w, https:\/\/disneylandear.com\/wp-content\/uploads\/2020\/02\/wd-sue\u00f1os-relidad-720x720.jpg 720w, https:\/\/disneylandear.com\/wp-content\/uploads\/2020\/02\/wd-sue\u00f1os-relidad-735x735.jpg 735w\" sizes=\"auto, (max-width: 500px) 100vw, 500px\" \/><\/figure><\/div>\n\n\n\n<h3 class=\"wp-block-heading\">De Compras<\/h3>\n\n\n\n<p>Aqu\u00ed te contaremos de juguetes, ropa, accesorios, y productos de Disney para que puedas hacer tus compras desde casa. Tambi\u00e9n encontrar\u00e1s gu\u00edas de regalos y m\u00e1s. <\/p>\n\n\n\n<h3 class=\"wp-block-heading\">Parques Disney<\/h3>\n\n\n\n<p>Como su nombre lo dice, aqu\u00ed te traeremos las \u00faltimas noticias de los parques Disney aqu\u00ed en Estados Unidos y de vez en cuando en otros lados del mundo.<\/p>\n\n\n\n<figure class=\"wp-block-image size-large\"><img loading=\"lazy\" decoding=\"async\" width=\"1000\" height=\"563\" src=\"https:\/\/disneylandear.com\/wp-content\/uploads\/2020\/07\/cars-cruz-mcqueen-disneylandia-d.jpg\" alt=\"\" class=\"wp-image-1288\" srcset=\"https:\/\/disneylandear.com\/wp-content\/uploads\/2020\/07\/cars-cruz-mcqueen-disneylandia-d.jpg 1000w, https:\/\/disneylandear.com\/wp-content\/uploads\/2020\/07\/cars-cruz-mcqueen-disneylandia-d-300x169.jpg 300w, https:\/\/disneylandear.com\/wp-content\/uploads\/2020\/07\/cars-cruz-mcqueen-disneylandia-d-768x432.jpg 768w\" sizes=\"auto, (max-width: 1000px) 100vw, 1000px\" \/><\/figure>\n\n\n\n<p>Aqu\u00ed tambi\u00e9n te daremos informaci\u00f3n de <strong>donde comprar boletos para Disneylandia<\/strong> o <strong>donde comprar boletos para Walt Disney World<\/strong>, ofertas, y m\u00e1s. Tambi\u00e9n tips para disfrutar lo m\u00e1s que puedas tu visita a los parques de Disney. <\/p>\n\n\n\n<h3 class=\"wp-block-heading\">Pel\u00edculas y TV<\/h3>\n\n\n\n<p>En esta categor\u00eda encontrar\u00e1s todo lo relevante a pel\u00edculas de Disney, pel\u00edculas de Pixar, pel\u00edculas de Star Wars y pel\u00edculas de Marvel. Pero tambi\u00e9n informaci\u00f3n de series, documentales, y pel\u00edculas que puedes disfrutar en Disney+, Disney channel y otros canales de Disney. <\/p>\n\n\n\n<figure class=\"wp-block-image size-large\"><img loading=\"lazy\" decoding=\"async\" width=\"1000\" height=\"667\" src=\"https:\/\/disneylandear.com\/wp-content\/uploads\/2020\/04\/Rey-Finn-Poe-Chewbacca.jpg\" alt=\"\" class=\"wp-image-772\" srcset=\"https:\/\/disneylandear.com\/wp-content\/uploads\/2020\/04\/Rey-Finn-Poe-Chewbacca.jpg 1000w, https:\/\/disneylandear.com\/wp-content\/uploads\/2020\/04\/Rey-Finn-Poe-Chewbacca-300x200.jpg 300w, https:\/\/disneylandear.com\/wp-content\/uploads\/2020\/04\/Rey-Finn-Poe-Chewbacca-768x512.jpg 768w, https:\/\/disneylandear.com\/wp-content\/uploads\/2020\/04\/Rey-Finn-Poe-Chewbacca-735x490.jpg 735w\" sizes=\"auto, (max-width: 1000px) 100vw, 1000px\" \/><\/figure>\n\n\n\n<p>Como te lo dije antes, ve a prepararte un agua fresca y disfruta del sitio. Gracias por visitarnos. <\/p>\n","protected":false},"excerpt":{"rendered":"<p>Hola, bienvenidos a Disneylandear. Mi nombre es Silvia y soy una fan\u00e1tica de Disney. Ahora &#8230; <\/p>\n<p class=\"read-more-container\"><a title=\"Con\u00f3cenos\" class=\"read-more button\" href=\"https:\/\/disneylandear.com\/es\/about\/#more-44\" aria-label=\"Leer m\u00e1s sobre Con\u00f3cenos\">M\u00e1s<\/a><\/p>\n","protected":false},"author":1,"featured_media":0,"parent":0,"menu_order":0,"comment_status":"closed","ping_status":"closed","template":"","meta":{"_seopress_robots_primary_cat":"","_seopress_titles_title":"","_seopress_titles_desc":"","_seopress_robots_index":"","wprm-recipe-roundup-name":"","wprm-recipe-roundup-description":"","footnotes":""},"class_list":{"0":"post-44","1":"page","2":"type-page","3":"status-publish","5":"no-featured-image-padding"},"_links":{"self":[{"href":"https:\/\/disneylandear.com\/es\/wp-json\/wp\/v2\/pages\/44","targetHints":{"allow":["GET"]}}],"collection":[{"href":"https:\/\/disneylandear.com\/es\/wp-json\/wp\/v2\/pages"}],"about":[{"href":"https:\/\/disneylandear.com\/es\/wp-json\/wp\/v2\/types\/page"}],"author":[{"embeddable":true,"href":"https:\/\/disneylandear.com\/es\/wp-json\/wp\/v2\/users\/1"}],"replies":[{"embeddable":true,"href":"https:\/\/disneylandear.com\/es\/wp-json\/wp\/v2\/comments?post=44"}],"version-history":[{"count":0,"href":"https:\/\/disneylandear.com\/es\/wp-json\/wp\/v2\/pages\/44\/revisions"}],"wp:attachment":[{"href":"https:\/\/disneylandear.com\/es\/wp-json\/wp\/v2\/media?parent=44"}],"curies":[{"name":"wp","href":"https:\/\/api.w.org\/{rel}","templated":true}]}}